{"id":34075,"date":"2017-12-12T11:17:25","date_gmt":"2017-12-12T10:17:25","guid":{"rendered":"https:\/\/www.hostpress.de\/?page_id=34075"},"modified":"2024-11-27T13:16:29","modified_gmt":"2024-11-27T12:16:29","slug":"kontakt","status":"publish","type":"page","link":"https:\/\/hostpress.pro\/en\/kontakt\/","title":{"rendered":"Kontakt"},"content":{"rendered":"\t\t<div data-elementor-type=\"wp-page\" data-elementor-id=\"34075\" class=\"elementor elementor-34075\" data-elementor-settings=\"{&quot;element_pack_global_tooltip_width&quot;:{&quot;unit&quot;:&quot;px&quot;,&quot;size&quot;:&quot;&quot;,&quot;sizes&quot;:[]},&quot;element_pack_global_tooltip_width_tablet&quot;:{&quot;unit&quot;:&quot;px&quot;,&quot;size&quot;:&quot;&quot;,&quot;sizes&quot;:[]},&quot;element_pack_global_tooltip_width_mobile&quot;:{&quot;unit&quot;:&quot;px&quot;,&quot;size&quot;:&quot;&quot;,&quot;sizes&quot;:[]},&quot;element_pack_global_tooltip_padding&quot;:{&quot;unit&quot;:&quot;px&quot;,&quot;top&quot;:&quot;&quot;,&quot;right&quot;:&quot;&quot;,&quot;bottom&quot;:&quot;&quot;,&quot;left&quot;:&quot;&quot;,&quot;isLinked&quot;:true},&quot;element_pack_global_tooltip_padding_tablet&quot;:{&quot;unit&quot;:&quot;px&quot;,&quot;top&quot;:&quot;&quot;,&quot;right&quot;:&quot;&quot;,&quot;bottom&quot;:&quot;&quot;,&quot;left&quot;:&quot;&quot;,&quot;isLinked&quot;:true},&quot;element_pack_global_tooltip_padding_mobile&quot;:{&quot;unit&quot;:&quot;px&quot;,&quot;top&quot;:&quot;&quot;,&quot;right&quot;:&quot;&quot;,&quot;bottom&quot;:&quot;&quot;,&quot;left&quot;:&quot;&quot;,&quot;isLinked&quot;:true},&quot;element_pack_global_tooltip_border_radius&quot;:{&quot;unit&quot;:&quot;px&quot;,&quot;top&quot;:&quot;&quot;,&quot;right&quot;:&quot;&quot;,&quot;bottom&quot;:&quot;&quot;,&quot;left&quot;:&quot;&quot;,&quot;isLinked&quot;:true},&quot;element_pack_global_tooltip_border_radius_tablet&quot;:{&quot;unit&quot;:&quot;px&quot;,&quot;top&quot;:&quot;&quot;,&quot;right&quot;:&quot;&quot;,&quot;bottom&quot;:&quot;&quot;,&quot;left&quot;:&quot;&quot;,&quot;isLinked&quot;:true},&quot;element_pack_global_tooltip_border_radius_mobile&quot;:{&quot;unit&quot;:&quot;px&quot;,&quot;top&quot;:&quot;&quot;,&quot;right&quot;:&quot;&quot;,&quot;bottom&quot;:&quot;&quot;,&quot;left&quot;:&quot;&quot;,&quot;isLinked&quot;:true}}\" data-elementor-post-type=\"page\">\n\t\t\t\t<div class=\"elementor-element elementor-element-402571e e-flex e-con-boxed e-con e-parent\" data-id=\"402571e\" data-element_type=\"container\" data-e-type=\"container\">\n\t\t\t\t\t<div class=\"e-con-inner\">\n\t\t\t\t<div class=\"elementor-element elementor-element-b8067b6 elementor-widget elementor-widget-heading\" data-id=\"b8067b6\" data-element_type=\"widget\" data-e-type=\"widget\" data-widget_type=\"heading.default\">\n\t\t\t\t<div class=\"elementor-widget-container\">\n\t\t\t\t\t<h1 class=\"elementor-heading-title elementor-size-default\">Wir sind f\u00fcr dich da!<\/h1>\t\t\t\t<\/div>\n\t\t\t\t<\/div>\n\t\t\t\t<div class=\"elementor-element elementor-element-192eeee elementor-widget elementor-widget-text-editor\" data-id=\"192eeee\" data-element_type=\"widget\" data-e-type=\"widget\" data-widget_type=\"text-editor.default\">\n\t\t\t\t<div class=\"elementor-widget-container\">\n\t\t\t\t\t\t\t\t\t<p>Du interessierst dich f\u00fcr unser Angebot?<\/p>\n<p>Melde Dich zu unserem Webinar an oder f\u00fclle einfach das folgende Kontaktformular aus.<\/p>\t\t\t\t\t\t\t\t<\/div>\n\t\t\t\t<\/div>\n\t\t<div class=\"elementor-element elementor-element-1a5b15a e-flex e-con-boxed e-con e-child\" data-id=\"1a5b15a\" data-element_type=\"container\" data-e-type=\"container\">\n\t\t\t\t\t<div class=\"e-con-inner\">\n\t\t<div class=\"elementor-element elementor-element-79875af e-con-full e-flex e-con e-child\" data-id=\"79875af\" data-element_type=\"container\" data-e-type=\"container\">\n\t\t\t\t<div class=\"elementor-element elementor-element-fe489a4 elementor-widget elementor-widget-heading\" data-id=\"fe489a4\" data-element_type=\"widget\" data-e-type=\"widget\" data-widget_type=\"heading.default\">\n\t\t\t\t<div class=\"elementor-widget-container\">\n\t\t\t\t\t<h4 class=\"elementor-heading-title elementor-size-default\">Anfrageformular<\/h4>\t\t\t\t<\/div>\n\t\t\t\t<\/div>\n\t\t\t\t<div class=\"elementor-element elementor-element-85144e8 elementor-widget__width-inherit elementor-widget elementor-widget-heading\" data-id=\"85144e8\" data-element_type=\"widget\" data-e-type=\"widget\" data-widget_type=\"heading.default\">\n\t\t\t\t<div class=\"elementor-widget-container\">\n\t\t\t\t\t<h3 class=\"elementor-heading-title elementor-size-default\">Du hast Interesse? Dann melde dich bei uns!<\/h3>\t\t\t\t<\/div>\n\t\t\t\t<\/div>\n\t\t\t\t<div class=\"elementor-element elementor-element-daf724a hp-contact elementor-widget elementor-widget-formidable\" data-id=\"daf724a\" data-element_type=\"widget\" data-e-type=\"widget\" data-widget_type=\"formidable.default\">\n\t\t\t\t<div class=\"elementor-widget-container\">\n\t\t\t\t\t<div class=\"frm_forms \" id=\"frm_form_5_container\" data-token=\"f835e6d5c844a02e7967773bb1058072\"><form enctype=\"multipart\/form-data\" method=\"post\" class=\"frm-show-form  frm_js_validate  frm_pro_form \" id=\"form_641mg22\" data-token=\"f835e6d5c844a02e7967773bb1058072\"><div class=\"frm_form_fields \"><fieldset><legend class=\"frm_hidden\">Kontaktformular<\/legend><div class=\"frm_fields_container\"><input type=\"hidden\" name=\"frm_action\" value=\"create\" \/><input type=\"hidden\" name=\"form_id\" value=\"5\" \/><input type=\"hidden\" name=\"frm_hide_fields_5\" id=\"frm_hide_fields_5\" value=\"\" \/><input type=\"hidden\" name=\"form_key\" value=\"641mg22\" \/><input type=\"hidden\" name=\"item_meta[0]\" value=\"\" \/><input type=\"hidden\" id=\"frm_submit_entry_5\" name=\"frm_submit_entry_5\" value=\"fe3fc6e0eb\" \/><input type=\"hidden\" name=\"_wp_http_referer\" value=\"\/en\/wp-json\/wp\/v2\/pages\/34075\" \/><div id=\"frm_field_31_container\" class=\"frm_form_field form-field  frm_required_field frm_top_container frm_first frm_half\"><label for=\"field_44ph43\" class=\"frm_primary_label\">Vorname<span class=\"frm_required\">*<\/span><\/label><input  type=\"text\" id=\"field_44ph43\" name=\"item_meta[31]\" value=\"\"  placeholder=\"Vorname\" data-reqmsg=\"Dieses Feld darf nicht leer sein.\" aria-required=\"true\" data-invmsg=\"Vorname ist ung\u00fcltig\" aria-invalid=\"false\"   \/><\/div><div id=\"frm_field_32_container\" class=\"frm_form_field form-field  frm_required_field frm_top_container frm_half\"><label for=\"field_qw9w33\" class=\"frm_primary_label\">Nachname<span class=\"frm_required\">*<\/span><\/label><input  type=\"text\" id=\"field_qw9w33\" name=\"item_meta[32]\" value=\"\"  placeholder=\"Nachname\" data-reqmsg=\"Dieses Feld darf nicht leer sein.\" aria-required=\"true\" data-invmsg=\"Nachname ist ung\u00fcltig\" aria-invalid=\"false\"   \/><\/div><div id=\"frm_field_34_container\" class=\"frm_form_field form-field  frm_required_field frm_top_container frm6 frm_first\"><label for=\"field_fip1h3\" class=\"frm_primary_label\">E-Mail Adresse<span class=\"frm_required\">*<\/span><\/label><input type=\"email\" id=\"field_fip1h3\" name=\"item_meta[34]\" value=\"\"  placeholder=\"E-Mail Adresse\" data-reqmsg=\"Dieses Feld darf nicht leer sein.\" aria-required=\"true\" data-invmsg=\"E-Mail ist ung\u00fcltig\" aria-invalid=\"false\"  \/><\/div><div id=\"frm_field_53_container\" class=\"frm_form_field form-field  frm_top_container frm6\"><label for=\"field_pzk0e\" id=\"field_pzk0e_label\" class=\"frm_primary_label\">URL deiner Webseite<span class=\"frm_required\" aria-hidden=\"true\"><\/span><\/label><input type=\"url\" id=\"field_pzk0e\" name=\"item_meta[53]\" value=\"\"  placeholder=\"URL deiner Webseite\" data-invmsg=\"Website\/URL ist ung\u00fcltig\" aria-invalid=\"false\"  \/><\/div><div id=\"frm_field_33_container\" class=\"frm_form_field form-field  frm_top_container frm6 frm_first\"><label for=\"field_h3h4h3\" class=\"frm_primary_label\">Firma<span class=\"frm_required\"><\/span><\/label><input  type=\"text\" id=\"field_h3h4h3\" name=\"item_meta[33]\" value=\"\"  placeholder=\"Firma\" data-invmsg=\"Firma ist ung\u00fcltig\" aria-invalid=\"false\"   \/><\/div><div id=\"frm_field_54_container\" class=\"frm_form_field form-field  frm_top_container frm_half\"><label for=\"field_69fd7\" id=\"field_69fd7_label\" class=\"frm_primary_label\">Position im Unternehmen<span class=\"frm_required\" aria-hidden=\"true\"><\/span><\/label><input  type=\"text\" id=\"field_69fd7\" name=\"item_meta[54]\" value=\"\"  placeholder=\"Position im Unternehmen\" data-invmsg=\"Text ist ung\u00fcltig\" aria-invalid=\"false\"   \/><\/div><div id=\"frm_field_55_container\" class=\"frm_form_field form-field  frm_required_field frm_top_container\"><label for=\"field_lcb5\" id=\"field_lcb5_label\" class=\"frm_primary_label\">Was sollten wir vorab wissen?<span class=\"frm_required\" aria-hidden=\"true\">*<\/span><\/label><input  type=\"text\" id=\"field_lcb5\" name=\"item_meta[55]\" value=\"\"  placeholder=\"Was sollten wir vorab wissen?\" data-reqmsg=\"Dieses Feld darf nicht leer sein.\" aria-required=\"true\" data-invmsg=\"Text ist ung\u00fcltig\" aria-invalid=\"false\"   \/><\/div><div id=\"frm_field_37_container\" class=\"frm_form_field  frm_html_container form-field\"><p style=\"margin-top: 0px; font-size: 12px;\">Mit dem Absenden dieses Formulars stimmst du unseren\u00a0<a href=\"\/datenschutz\/\">Datenschutzbestimmungen<\/a>\u00a0zu.<\/p><\/div><div id=\"frm_field_56_container\" class=\"frm_form_field form-field \"><div class=\"frm_submit\"><button class=\"frm_button_submit frm_final_submit\" type=\"submit\"   formnovalidate=\"formnovalidate\">Senden<\/button><\/div><\/div><input type=\"hidden\" name=\"item_key\" value=\"\" \/><div id=\"frm_field_57_container\"><label for=\"field_4a9v0\" >If you are human, leave this field blank.<\/label><input  id=\"field_4a9v0\" type=\"text\" class=\"frm_form_field form-field frm_verify\" name=\"item_meta[57]\" value=\"\"  \/><\/div><input name=\"frm_state\" type=\"hidden\" value=\"SIG6rpoEo+SaF5S+9yYoZqiA0KZD44L3OasuIn6cVsI3uAB32ldKz8BXdNcoN0PE\" \/><\/div><\/fieldset><\/div><\/form><\/div>\t\t\t\t<\/div>\n\t\t\t\t<\/div>\n\t\t\t\t<\/div>\n\t\t\t\t\t<\/div>\n\t\t\t\t<\/div>\n\t\t\t\t\t<\/div>\n\t\t\t\t<\/div>\n\t\t\t\t<\/div>\n\t\t","protected":false},"excerpt":{"rendered":"<p>Wir sind f\u00fcr dich da! Du interessierst dich f\u00fcr unser Angebot? Melde Dich zu unserem Webinar an oder f\u00fclle einfach das folgende Kontaktformular aus. Anfrageformular Du hast Interesse? Dann melde dich bei uns! Kontaktformular Vorname*Nachname*E-Mail Adresse*URL deiner WebseiteFirmaPosition im UnternehmenWas sollten wir vorab wissen?* Mit dem Absenden dieses Formulars stimmst du unseren\u00a0Datenschutzbestimmungen\u00a0zu. If you are [&hellip;]<\/p>\n","protected":false},"author":1,"featured_media":0,"parent":0,"menu_order":0,"comment_status":"closed","ping_status":"closed","template":"","meta":{"_acf_changed":false,"footnotes":""},"class_list":["post-34075","page","type-page","status-publish","hentry"],"acf":[],"_links":{"self":[{"href":"https:\/\/hostpress.pro\/en\/wp-json\/wp\/v2\/pages\/34075","targetHints":{"allow":["GET"]}}],"collection":[{"href":"https:\/\/hostpress.pro\/en\/wp-json\/wp\/v2\/pages"}],"about":[{"href":"https:\/\/hostpress.pro\/en\/wp-json\/wp\/v2\/types\/page"}],"author":[{"embeddable":true,"href":"https:\/\/hostpress.pro\/en\/wp-json\/wp\/v2\/users\/1"}],"replies":[{"embeddable":true,"href":"https:\/\/hostpress.pro\/en\/wp-json\/wp\/v2\/comments?post=34075"}],"version-history":[{"count":2,"href":"https:\/\/hostpress.pro\/en\/wp-json\/wp\/v2\/pages\/34075\/revisions"}],"predecessor-version":[{"id":112024,"href":"https:\/\/hostpress.pro\/en\/wp-json\/wp\/v2\/pages\/34075\/revisions\/112024"}],"wp:attachment":[{"href":"https:\/\/hostpress.pro\/en\/wp-json\/wp\/v2\/media?parent=34075"}],"curies":[{"name":"wp","href":"https:\/\/api.w.org\/{rel}","templated":true}]}}