{"id":452,"date":"2016-03-29T17:08:34","date_gmt":"2016-03-29T15:08:34","guid":{"rendered":"https:\/\/host.web.hpress.de\/?page_id=452"},"modified":"2023-10-16T17:23:46","modified_gmt":"2023-10-16T15:23:46","slug":"impressum","status":"publish","type":"page","link":"https:\/\/hostpress.pro\/en\/impressum\/","title":{"rendered":"Impressum"},"content":{"rendered":"<div data-elementor-type=\"wp-page\" data-elementor-id=\"452\" class=\"elementor elementor-452\" data-elementor-settings=\"{&quot;element_pack_global_tooltip_width&quot;:{&quot;unit&quot;:&quot;px&quot;,&quot;size&quot;:&quot;&quot;,&quot;sizes&quot;:[]},&quot;element_pack_global_tooltip_width_tablet&quot;:{&quot;unit&quot;:&quot;px&quot;,&quot;size&quot;:&quot;&quot;,&quot;sizes&quot;:[]},&quot;element_pack_global_tooltip_width_mobile&quot;:{&quot;unit&quot;:&quot;px&quot;,&quot;size&quot;:&quot;&quot;,&quot;sizes&quot;:[]},&quot;element_pack_global_tooltip_padding&quot;:{&quot;unit&quot;:&quot;px&quot;,&quot;top&quot;:&quot;&quot;,&quot;right&quot;:&quot;&quot;,&quot;bottom&quot;:&quot;&quot;,&quot;left&quot;:&quot;&quot;,&quot;isLinked&quot;:true},&quot;element_pack_global_tooltip_padding_tablet&quot;:{&quot;unit&quot;:&quot;px&quot;,&quot;top&quot;:&quot;&quot;,&quot;right&quot;:&quot;&quot;,&quot;bottom&quot;:&quot;&quot;,&quot;left&quot;:&quot;&quot;,&quot;isLinked&quot;:true},&quot;element_pack_global_tooltip_padding_mobile&quot;:{&quot;unit&quot;:&quot;px&quot;,&quot;top&quot;:&quot;&quot;,&quot;right&quot;:&quot;&quot;,&quot;bottom&quot;:&quot;&quot;,&quot;left&quot;:&quot;&quot;,&quot;isLinked&quot;:true},&quot;element_pack_global_tooltip_border_radius&quot;:{&quot;unit&quot;:&quot;px&quot;,&quot;top&quot;:&quot;&quot;,&quot;right&quot;:&quot;&quot;,&quot;bottom&quot;:&quot;&quot;,&quot;left&quot;:&quot;&quot;,&quot;isLinked&quot;:true},&quot;element_pack_global_tooltip_border_radius_tablet&quot;:{&quot;unit&quot;:&quot;px&quot;,&quot;top&quot;:&quot;&quot;,&quot;right&quot;:&quot;&quot;,&quot;bottom&quot;:&quot;&quot;,&quot;left&quot;:&quot;&quot;,&quot;isLinked&quot;:true},&quot;element_pack_global_tooltip_border_radius_mobile&quot;:{&quot;unit&quot;:&quot;px&quot;,&quot;top&quot;:&quot;&quot;,&quot;right&quot;:&quot;&quot;,&quot;bottom&quot;:&quot;&quot;,&quot;left&quot;:&quot;&quot;,&quot;isLinked&quot;:true}}\" data-elementor-post-type=\"page\">\n\t\t\t\t<div class=\"elementor-element elementor-element-e9c8f41 e-flex e-con-boxed e-con e-parent\" data-id=\"e9c8f41\" data-element_type=\"container\" data-e-type=\"container\">\n\t\t\t\t\t<div class=\"e-con-inner\">\n\t\t\t\t<div class=\"elementor-element elementor-element-d6d2723 elementor-widget__width-initial elementor-widget elementor-widget-heading\" data-id=\"d6d2723\" data-element_type=\"widget\" data-e-type=\"widget\" data-widget_type=\"heading.default\">\n\t\t\t\t<div class=\"elementor-widget-container\">\n\t\t\t\t\t<h1 class=\"elementor-heading-title elementor-size-default\">Impressum<\/h1>\t\t\t\t<\/div>\n\t\t\t\t<\/div>\n\t\t\t\t<div class=\"elementor-element elementor-element-e177a52 elementor-widget__width-inherit elementor-widget elementor-widget-heading\" data-id=\"e177a52\" data-element_type=\"widget\" data-e-type=\"widget\" data-widget_type=\"heading.default\">\n\t\t\t\t<div class=\"elementor-widget-container\">\n\t\t\t\t\t<h2 class=\"elementor-heading-title elementor-size-default\">Seitenbetreiber i.S.d. \u00a7 5 TMG<\/h2>\t\t\t\t<\/div>\n\t\t\t\t<\/div>\n\t\t<div class=\"elementor-element elementor-element-2684fc2 e-con-full e-flex e-con e-child\" data-id=\"2684fc2\" data-element_type=\"container\" data-e-type=\"container\">\n\t\t<div class=\"elementor-element elementor-element-027fc7e e-con-full e-flex e-con e-child\" data-id=\"027fc7e\" data-element_type=\"container\" data-e-type=\"container\">\n\t\t\t\t<div class=\"elementor-element elementor-element-d00a5ca elementor-widget elementor-widget-text-editor\" data-id=\"d00a5ca\" data-element_type=\"widget\" data-e-type=\"widget\" data-widget_type=\"text-editor.default\">\n\t\t\t\t<div class=\"elementor-widget-container\">\n\t\t\t\t\t\t\t\t\t<p>HostPress GmbH<br \/>Bahnhofstra\u00dfe 34<br \/>66571 Eppelborn<br \/>\u00a0<br \/>Telefon: <a href=\"tel:+4968819999777\">+49 6881 9999 777<\/a><br \/>E-Mail: <a href=\"mailto:info@hostpress.de\">info@hostpress.de<\/a><br \/>Support: <a href=\"mailto:support@hostpress.de\">support@hostpress.de<\/a><br \/>Vertrieb: <a href=\"mailto:vertrieb@hostpress.de\">vertrieb@hostpress.de<\/a><br \/>Internet: <a href=\"https:\/\/www.hostpress.de\">www.hostpress.de<\/a><br \/>\u00a0<br \/><strong>Handelsregister:<\/strong><br \/>Registergericht: Amtsgericht Saarbr\u00fccken<br \/>Registernummer: HRB 104471<br \/>\u00a0<br \/><strong>Gesch\u00e4ftsf\u00fchrer:<br \/><\/strong>Marcus Kr\u00e4mer<br \/>\u00a0<br \/>Umsatzsteuer-Identifikationsnummer<br \/>gem\u00e4\u00df \u00a727a Umsatzsteuergesetz:<br \/>DE316412297<br \/>\u00a0\u00a0<br \/><strong>Kontaktdaten unseres Datenschutzbeauftragten:<br \/><\/strong>Herr Ralf M\u00fcller<br \/><a href=\"mailto:hostpress@datenschutz.gesmit.de\">hostpress@datenschutz.gesmit.de<\/a><br \/>\u00a0<br \/><strong>Inhaltlich Verantwortlicher gem\u00e4\u00df \u00a7 55 Abs. 2 RStV:<\/strong><br \/>Marcus Kr\u00e4mer<br \/>(Anschrift wie oben)<br \/>\u00a0<br \/>Informationen zur Online-Streitbeilegung:<br \/>Die Europ\u00e4ische Kommission stellt eine Plattform zur Online-Streitbeilegung (OS) bereit. Diese Plattform finden Sie unter folgendem Link:\u00a0<a href=\"https:\/\/ec.europa.eu\/consumers\/odr\/\" target=\"_blank\" rel=\"noopener noreferrer\">https:\/\/ec.europa.eu\/consumers\/odr\/<\/a>.<br \/>\u00a0<br \/>Verbraucher k\u00f6nnen diese Plattform nutzen, um ihre Streitigkeiten aus Online-Vertr\u00e4gen beizulegen.<br \/>\u00a0<br \/><strong>Urheberrecht und Bildnachweise:<br \/><\/strong>Die Inhalte von www.hostpress.de sind \u2013 soweit nicht abweichend angegeben \u2013 urheberrechtlich gesch\u00fctzt.<br \/>Verwendete Fotografien sind ggf. mit Bildnachweisen gekennzeichnet oder unten aufgef\u00fchrt, soweit sie nicht selbst angefertigt wurden.<br \/>Die Verwendung von Fotografien auf Drittseiten ist nur im Rahmen der jeweiligen Lizenz der Urheber m\u00f6glich.<br \/>\u00a0<br \/>Bildnachweise:<br \/><a href=\"https:\/\/photodune.net\/\">Photodune<\/a><br \/>\u00a0<br \/><strong>Erstellt durch:<br \/><\/strong>\u00a9 IT-Recht-Kanzlei DURY \u2013 www.dury.de<br \/>\u00a9 Website-Check GmbH \u2013 www.website-check.de<br \/>\u00a0<br \/><strong>HostPress\u00ae ist eine beim DPMA eingetragene Marke.<\/strong><\/p>\t\t\t\t\t\t\t\t<\/div>\n\t\t\t\t<\/div>\n\t\t\t\t<\/div>\n\t\t<div class=\"elementor-element elementor-element-4c1164c e-con-full e-flex e-con e-child\" data-id=\"4c1164c\" data-element_type=\"container\" data-e-type=\"container\">\n\t\t\t\t<div class=\"elementor-element elementor-element-0a203a2 elementor-widget elementor-widget-text-editor\" data-id=\"0a203a2\" data-element_type=\"widget\" data-e-type=\"widget\" data-widget_type=\"text-editor.default\">\n\t\t\t\t<div class=\"elementor-widget-container\">\n\t\t\t\t\t\t\t\t\t<div class=\"uncode_text_column\"><h4>Konzeption, Layout &amp; Umsetzung<\/h4><p>FIVE Marketing<br \/>Bahnhofstra\u00dfe 34<br \/>66571 Eppelborn<\/p><p><a href=\"http:\/\/www.five-marketing.com\/\"><img decoding=\"async\" class=\"size-full wp-image-15342 alignnone\" src=\"http:\/\/www.five-marketing.com\/logo-five.png\" alt=\"FIVE Marketing\" width=\"102\" height=\"30\" \/><\/a><\/p><p><a href=\"http:\/\/www.five-marketing.com\/\" target=\"_blank\" rel=\"noopener noreferrer\">www.five-marketing.com<\/a><br \/>\u00a0<br \/><strong>Datensicherheit ist bei HostPress oberste Priorit\u00e4t:<br \/><\/strong>Gerne stellen wir auf Anfrage unseren Vertrag zur Auftragsdatenverarbeitung (kurz: ADV), im Sinne des BDSG bzw. der DSGVO bereit.<br \/>\u00a0<br \/>Wir vertrauen auf die Unterst\u00fctzung der <a href=\"https:\/\/www.sumax.de\/seo-agentur.html\">SEO Agentur Sumax<\/a> sowie der <a href=\"https:\/\/seoeffekt.de\/\">SEO Agentur SEOeffekt<\/a>.<\/p><\/div>\t\t\t\t\t\t\t\t<\/div>\n\t\t\t\t<\/div>\n\t\t\t\t<\/div>\n\t\t\t\t<\/div>\n\t\t\t\t\t<\/div>\n\t\t\t\t<\/div>\n\t\t\t\t<\/div>","protected":false},"excerpt":{"rendered":"<p>Impressum Seitenbetreiber i.S.d. \u00a7 5 TMG HostPress GmbHBahnhofstra\u00dfe 3466571 Eppelborn\u00a0Telefon: +49 6881 9999 777E-Mail: info@hostpress.deSupport: support@hostpress.deVertrieb: vertrieb@hostpress.deInternet: www.hostpress.de\u00a0Handelsregister:Registergericht: Amtsgericht Saarbr\u00fcckenRegisternummer: HRB 104471\u00a0Gesch\u00e4ftsf\u00fchrer:Marcus Kr\u00e4mer\u00a0Umsatzsteuer-Identifikationsnummergem\u00e4\u00df \u00a727a Umsatzsteuergesetz:DE316412297\u00a0\u00a0Kontaktdaten unseres Datenschutzbeauftragten:Herr Ralf M\u00fcllerhostpress@datenschutz.gesmit.de\u00a0Inhaltlich Verantwortlicher gem\u00e4\u00df \u00a7 55 Abs. 2 RStV:Marcus Kr\u00e4mer(Anschrift wie oben)\u00a0Informationen zur Online-Streitbeilegung:Die Europ\u00e4ische Kommission stellt eine Plattform zur Online-Streitbeilegung (OS) bereit. Diese Plattform finden Sie unter [&hellip;]<\/p>\n","protected":false},"author":1,"featured_media":0,"parent":0,"menu_order":0,"comment_status":"closed","ping_status":"closed","template":"","meta":{"_acf_changed":false,"footnotes":""},"class_list":["post-452","page","type-page","status-publish","hentry"],"acf":[],"_links":{"self":[{"href":"https:\/\/hostpress.pro\/en\/wp-json\/wp\/v2\/pages\/452","targetHints":{"allow":["GET"]}}],"collection":[{"href":"https:\/\/hostpress.pro\/en\/wp-json\/wp\/v2\/pages"}],"about":[{"href":"https:\/\/hostpress.pro\/en\/wp-json\/wp\/v2\/types\/page"}],"author":[{"embeddable":true,"href":"https:\/\/hostpress.pro\/en\/wp-json\/wp\/v2\/users\/1"}],"replies":[{"embeddable":true,"href":"https:\/\/hostpress.pro\/en\/wp-json\/wp\/v2\/comments?post=452"}],"version-history":[{"count":2,"href":"https:\/\/hostpress.pro\/en\/wp-json\/wp\/v2\/pages\/452\/revisions"}],"predecessor-version":[{"id":110795,"href":"https:\/\/hostpress.pro\/en\/wp-json\/wp\/v2\/pages\/452\/revisions\/110795"}],"wp:attachment":[{"href":"https:\/\/hostpress.pro\/en\/wp-json\/wp\/v2\/media?parent=452"}],"curies":[{"name":"wp","href":"https:\/\/api.w.org\/{rel}","templated":true}]}}